{"id":4294,"date":"2022-05-11T16:51:34","date_gmt":"2022-05-11T14:51:34","guid":{"rendered":"http:\/\/canovaprodottibiologici.it\/?page_id=4294"},"modified":"2022-10-24T12:55:56","modified_gmt":"2022-10-24T10:55:56","slug":"news","status":"publish","type":"page","link":"https:\/\/www.canovaprodottibiologici.it\/de\/news\/","title":{"rendered":"News"},"content":{"rendered":"\t\t<div data-elementor-type=\"wp-page\" data-elementor-id=\"4294\" class=\"elementor elementor-4294 elementor-231\" data-elementor-post-type=\"page\">\n\t\t\t\t\t\t<section class=\"elementor-section elementor-top-section elementor-element elementor-element-c9c1f7c elementor-section-boxed elementor-section-height-default elementor-section-height-default parallax_section_no qode_elementor_container_no\" data-id=\"c9c1f7c\" data-element_type=\"section\" data-e-type=\"section\">\n\t\t\t\t\t\t<div class=\"elementor-container elementor-column-gap-default\">\n\t\t\t\t\t<div class=\"elementor-column elementor-col-100 elementor-top-column elementor-element elementor-element-f3a094c\" data-id=\"f3a094c\" data-element_type=\"column\" data-e-type=\"column\">\n\t\t\t<div class=\"elementor-widget-wrap elementor-element-populated\">\n\t\t\t\t\t\t<div class=\"elementor-element elementor-element-7c57693 elementor-widget elementor-widget-heading\" data-id=\"7c57693\" data-element_type=\"widget\" data-e-type=\"widget\" data-widget_type=\"heading.default\">\n\t\t\t\t<div class=\"elementor-widget-container\">\n\t\t\t\t\t<h1 class=\"elementor-heading-title elementor-size-default\">News<\/h1>\t\t\t\t<\/div>\n\t\t\t\t<\/div>\n\t\t\t\t\t<\/div>\n\t\t<\/div>\n\t\t\t\t\t<\/div>\n\t\t<\/section>\n\t\t\t\t<section class=\"elementor-section elementor-top-section elementor-element elementor-element-82f26cf elementor-section-boxed elementor-section-height-default elementor-section-height-default parallax_section_no qode_elementor_container_no\" data-id=\"82f26cf\" data-element_type=\"section\" data-e-type=\"section\">\n\t\t\t\t\t\t<div class=\"elementor-container elementor-column-gap-default\">\n\t\t\t\t\t<div class=\"elementor-column elementor-col-100 elementor-top-column elementor-element elementor-element-42d3112\" data-id=\"42d3112\" data-element_type=\"column\" data-e-type=\"column\">\n\t\t\t<div class=\"elementor-widget-wrap elementor-element-populated\">\n\t\t\t\t\t\t<div class=\"elementor-element elementor-element-691bd03 elementor-grid-1 elementor-posts--thumbnail-top elementor-grid-tablet-2 elementor-grid-mobile-1 elementor-widget elementor-widget-posts\" data-id=\"691bd03\" data-element_type=\"widget\" data-e-type=\"widget\" data-settings=\"{&quot;custom_columns&quot;:&quot;1&quot;,&quot;custom_columns_tablet&quot;:&quot;2&quot;,&quot;custom_columns_mobile&quot;:&quot;1&quot;,&quot;custom_row_gap&quot;:{&quot;unit&quot;:&quot;px&quot;,&quot;size&quot;:35,&quot;sizes&quot;:[]},&quot;custom_row_gap_tablet&quot;:{&quot;unit&quot;:&quot;px&quot;,&quot;size&quot;:&quot;&quot;,&quot;sizes&quot;:[]},&quot;custom_row_gap_mobile&quot;:{&quot;unit&quot;:&quot;px&quot;,&quot;size&quot;:&quot;&quot;,&quot;sizes&quot;:[]}}\" data-widget_type=\"posts.custom\">\n\t\t\t\t<div class=\"elementor-widget-container\">\n\t\t\t\t\t      <div class=\"ecs-posts elementor-posts-container elementor-posts   elementor-grid elementor-posts--skin-custom\" data-settings=\"{&quot;current_page&quot;:1,&quot;max_num_pages&quot;:1,&quot;load_method&quot;:&quot;&quot;,&quot;widget_id&quot;:&quot;691bd03&quot;,&quot;post_id&quot;:4294,&quot;theme_id&quot;:4294,&quot;change_url&quot;:false,&quot;reinit_js&quot;:false}\">\n      \t\t<article id=\"post-4292\" class=\"elementor-post elementor-grid-item ecs-post-loop post-4292 post type-post status-publish format-standard has-post-thumbnail hentry category-unkategorisiert\">\n\t\t\t\t<div data-elementor-type=\"loop\" data-elementor-id=\"294\" class=\"elementor elementor-294 post-4292 post type-post status-publish format-standard has-post-thumbnail hentry category-unkategorisiert\" data-elementor-post-type=\"elementor_library\">\n\t\t\t\t\t<section class=\"elementor-section elementor-top-section elementor-element elementor-element-e773e8f elementor-section-boxed elementor-section-height-default elementor-section-height-default parallax_section_no qode_elementor_container_no\" data-id=\"e773e8f\" data-element_type=\"section\" data-e-type=\"section\" data-settings=\"{&quot;background_background&quot;:&quot;classic&quot;}\">\n\t\t\t\t\t\t<div class=\"elementor-container elementor-column-gap-default\">\n\t\t\t\t\t<div class=\"elementor-column elementor-col-33 elementor-top-column elementor-element elementor-element-d79ab50\" data-id=\"d79ab50\" data-element_type=\"column\" data-e-type=\"column\">\n\t\t\t<div class=\"elementor-widget-wrap elementor-element-populated\">\n\t\t\t\t\t\t<div class=\"elementor-element elementor-element-c2ef165 elementor-widget elementor-widget-theme-post-featured-image elementor-widget-image\" data-id=\"c2ef165\" data-element_type=\"widget\" data-e-type=\"widget\" data-widget_type=\"theme-post-featured-image.default\">\n\t\t\t\t<div class=\"elementor-widget-container\">\n\t\t\t\t\t\t\t\t\t\t\t\t\t\t\t\t<a href=\"https:\/\/www.canovaprodottibiologici.it\/de\/die-verkaufsinseln-almaverde-bio-entwickeln-sich-gegenlaeufig-zum-trend-positives-halbjahr-und-115-umsatzsprung-im-juni\/\">\n\t\t\t\t\t\t\t<img fetchpriority=\"high\" decoding=\"async\" width=\"1000\" height=\"1000\" src=\"https:\/\/www.canovaprodottibiologici.it\/wp-content\/uploads\/2022\/07\/evidenza-comunicato.jpg\" class=\"attachment-large size-large wp-image-2576\" alt=\"\" srcset=\"https:\/\/www.canovaprodottibiologici.it\/wp-content\/uploads\/2022\/07\/evidenza-comunicato.jpg 1000w, https:\/\/www.canovaprodottibiologici.it\/wp-content\/uploads\/2022\/07\/evidenza-comunicato-300x300.jpg 300w, https:\/\/www.canovaprodottibiologici.it\/wp-content\/uploads\/2022\/07\/evidenza-comunicato-150x150.jpg 150w, https:\/\/www.canovaprodottibiologici.it\/wp-content\/uploads\/2022\/07\/evidenza-comunicato-768x768.jpg 768w, https:\/\/www.canovaprodottibiologici.it\/wp-content\/uploads\/2022\/07\/evidenza-comunicato-570x570.jpg 570w, https:\/\/www.canovaprodottibiologici.it\/wp-content\/uploads\/2022\/07\/evidenza-comunicato-500x500.jpg 500w, https:\/\/www.canovaprodottibiologici.it\/wp-content\/uploads\/2022\/07\/evidenza-comunicato-700x700.jpg 700w, https:\/\/www.canovaprodottibiologici.it\/wp-content\/uploads\/2022\/07\/evidenza-comunicato-650x650.jpg 650w\" sizes=\"(max-width: 1000px) 100vw, 1000px\" \/>\t\t\t\t\t\t\t\t<\/a>\n\t\t\t\t\t\t\t\t\t\t\t\t\t\t\t<\/div>\n\t\t\t\t<\/div>\n\t\t\t\t\t<\/div>\n\t\t<\/div>\n\t\t\t\t<div class=\"elementor-column elementor-col-66 elementor-top-column elementor-element elementor-element-5d2b04d\" data-id=\"5d2b04d\" data-element_type=\"column\" data-e-type=\"column\">\n\t\t\t<div class=\"elementor-widget-wrap elementor-element-populated\">\n\t\t\t\t\t\t<div class=\"elementor-element elementor-element-97ce655 elementor-widget elementor-widget-post-info\" data-id=\"97ce655\" data-element_type=\"widget\" data-e-type=\"widget\" data-widget_type=\"post-info.default\">\n\t\t\t\t<div class=\"elementor-widget-container\">\n\t\t\t\t\t\t\t<ul class=\"elementor-inline-items elementor-icon-list-items elementor-post-info\">\n\t\t\t\t\t\t\t\t<li class=\"elementor-icon-list-item elementor-repeater-item-257f3e3 elementor-inline-item\" itemprop=\"datePublished\">\n\t\t\t\t\t\t<a href=\"https:\/\/www.canovaprodottibiologici.it\/de\/2022\/07\/22\/\">\n\t\t\t\t\t\t\t\t\t\t\t\t\t\t<span class=\"elementor-icon-list-text elementor-post-info__item elementor-post-info__item--type-date\">\n\t\t\t\t\t\t\t\t\t\t<time>22.07.2022<\/time>\t\t\t\t\t<\/span>\n\t\t\t\t\t\t\t\t\t<\/a>\n\t\t\t\t<\/li>\n\t\t\t\t<\/ul>\n\t\t\t\t\t\t<\/div>\n\t\t\t\t<\/div>\n\t\t\t\t<div class=\"elementor-element elementor-element-1be26ea elementor-widget elementor-widget-theme-post-title elementor-page-title elementor-widget-heading\" data-id=\"1be26ea\" data-element_type=\"widget\" data-e-type=\"widget\" data-widget_type=\"theme-post-title.default\">\n\t\t\t\t<div class=\"elementor-widget-container\">\n\t\t\t\t\t<h1 class=\"elementor-heading-title elementor-size-default\"><a href=\"https:\/\/www.canovaprodottibiologici.it\/de\/die-verkaufsinseln-almaverde-bio-entwickeln-sich-gegenlaeufig-zum-trend-positives-halbjahr-und-115-umsatzsprung-im-juni\/\">Die Verkaufsinseln Almaverde Bio Entwickeln Sich Gegenl\u00e4ufig Zum Trend. Positives Halbjahr Und +11,5% Umsatzsprung Im Juni<\/a><\/h1>\t\t\t\t<\/div>\n\t\t\t\t<\/div>\n\t\t\t\t<div class=\"elementor-element elementor-element-f28a6e1 elementor-widget elementor-widget-theme-post-excerpt\" data-id=\"f28a6e1\" data-element_type=\"widget\" data-e-type=\"widget\" data-widget_type=\"theme-post-excerpt.default\">\n\t\t\t\t<div class=\"elementor-widget-container\">\n\t\t\t\t\tDie Almaverde Bio-Verkaufsinseln entwickeln sich gegen den j\u00fcngsten Trend, der einen R\u00fcckgang des Bio-Konsums, insbesondere im Einzelhandel, erkennen l\u00e4sst. Nach zwei problematischen Jahren im Einzelhandel, in denen vor allem die Krise der gro\u00dfen Superm\u00e4rkte zu sp\u00fcren war, sind die Ums\u00e4tze im ersten Halbjahr 2022 in den Verkaufsinseln Almaverde Bio, den ausschlie\u00dflich dieser Marke vorbehaltenen Verkaufsfl\u00e4chen f\u00fcr frisches und verzehrfertig verpacktes Bio-Obst und -Gem\u00fcse, die von der Canova srl verwaltet werden, ausgesprochen positiv und stiegen allein im Juni um 11,5 % gegen\u00fcber dem Vorjahr im gleichen Vertriebsnetz.\t\t\t\t<\/div>\n\t\t\t\t<\/div>\n\t\t\t\t\t<\/div>\n\t\t<\/div>\n\t\t\t\t\t<\/div>\n\t\t<\/section>\n\t\t\t\t<\/div>\n\t\t\t\t<\/article>\n\t\t\t\t<\/div>\n\t\t\t\t\t\t<\/div>\n\t\t\t\t<\/div>\n\t\t\t\t\t<\/div>\n\t\t<\/div>\n\t\t\t\t\t<\/div>\n\t\t<\/section>\n\t\t\t\t<\/div>\n\t\t","protected":false},"excerpt":{"rendered":"<p>News<\/p>\n","protected":false},"author":1,"featured_media":0,"parent":0,"menu_order":0,"comment_status":"closed","ping_status":"closed","template":"","meta":{"_acf_changed":false,"footnotes":""},"class_list":["post-4294","page","type-page","status-publish","hentry"],"acf":[],"yoast_head":"<!-- This site is optimized with the Yoast SEO plugin v27.3 - https:\/\/yoast.com\/product\/yoast-seo-wordpress\/ -->\n<title>News - Canova Prodotti Biologici<\/title>\n<meta name=\"robots\" content=\"index, follow, max-snippet:-1, max-image-preview:large, max-video-preview:-1\" \/>\n<link rel=\"canonical\" href=\"https:\/\/www.canovaprodottibiologici.it\/de\/news\/\" \/>\n<meta property=\"og:locale\" content=\"de_DE\" \/>\n<meta property=\"og:type\" content=\"article\" \/>\n<meta property=\"og:title\" content=\"News - Canova Prodotti Biologici\" \/>\n<meta property=\"og:description\" content=\"News\" \/>\n<meta property=\"og:url\" content=\"https:\/\/www.canovaprodottibiologici.it\/de\/news\/\" \/>\n<meta property=\"og:site_name\" content=\"Canova Prodotti Biologici\" \/>\n<meta property=\"article:modified_time\" content=\"2022-10-24T10:55:56+00:00\" \/>\n<meta name=\"twitter:card\" content=\"summary_large_image\" \/>\n<meta name=\"twitter:label1\" content=\"Gesch\u00e4tzte Lesezeit\" \/>\n\t<meta name=\"twitter:data1\" content=\"3\u00a0Minuten\" \/>\n<script type=\"application\/ld+json\" class=\"yoast-schema-graph\">{\"@context\":\"https:\\\/\\\/schema.org\",\"@graph\":[{\"@type\":\"WebPage\",\"@id\":\"https:\\\/\\\/www.canovaprodottibiologici.it\\\/de\\\/news\\\/\",\"url\":\"https:\\\/\\\/www.canovaprodottibiologici.it\\\/de\\\/news\\\/\",\"name\":\"News - Canova Prodotti Biologici\",\"isPartOf\":{\"@id\":\"https:\\\/\\\/www.canovaprodottibiologici.it\\\/de\\\/#website\"},\"datePublished\":\"2022-05-11T14:51:34+00:00\",\"dateModified\":\"2022-10-24T10:55:56+00:00\",\"breadcrumb\":{\"@id\":\"https:\\\/\\\/www.canovaprodottibiologici.it\\\/de\\\/news\\\/#breadcrumb\"},\"inLanguage\":\"de\",\"potentialAction\":[{\"@type\":\"ReadAction\",\"target\":[\"https:\\\/\\\/www.canovaprodottibiologici.it\\\/de\\\/news\\\/\"]}]},{\"@type\":\"BreadcrumbList\",\"@id\":\"https:\\\/\\\/www.canovaprodottibiologici.it\\\/de\\\/news\\\/#breadcrumb\",\"itemListElement\":[{\"@type\":\"ListItem\",\"position\":1,\"name\":\"Home\",\"item\":\"https:\\\/\\\/www.canovaprodottibiologici.it\\\/de\\\/\"},{\"@type\":\"ListItem\",\"position\":2,\"name\":\"News\"}]},{\"@type\":\"WebSite\",\"@id\":\"https:\\\/\\\/www.canovaprodottibiologici.it\\\/de\\\/#website\",\"url\":\"https:\\\/\\\/www.canovaprodottibiologici.it\\\/de\\\/\",\"name\":\"Canova Prodotti Biologici\",\"description\":\"\",\"publisher\":{\"@id\":\"https:\\\/\\\/www.canovaprodottibiologici.it\\\/de\\\/#organization\"},\"potentialAction\":[{\"@type\":\"SearchAction\",\"target\":{\"@type\":\"EntryPoint\",\"urlTemplate\":\"https:\\\/\\\/www.canovaprodottibiologici.it\\\/de\\\/?s={search_term_string}\"},\"query-input\":{\"@type\":\"PropertyValueSpecification\",\"valueRequired\":true,\"valueName\":\"search_term_string\"}}],\"inLanguage\":\"de\"},{\"@type\":\"Organization\",\"@id\":\"https:\\\/\\\/www.canovaprodottibiologici.it\\\/de\\\/#organization\",\"name\":\"Canova Prodotti Biologici\",\"url\":\"https:\\\/\\\/www.canovaprodottibiologici.it\\\/de\\\/\",\"logo\":{\"@type\":\"ImageObject\",\"inLanguage\":\"de\",\"@id\":\"https:\\\/\\\/www.canovaprodottibiologici.it\\\/de\\\/#\\\/schema\\\/logo\\\/image\\\/\",\"url\":\"http:\\\/\\\/canovaprodottibiologici.it\\\/wp-content\\\/uploads\\\/2022\\\/05\\\/logo_canova.png\",\"contentUrl\":\"http:\\\/\\\/canovaprodottibiologici.it\\\/wp-content\\\/uploads\\\/2022\\\/05\\\/logo_canova.png\",\"width\":600,\"height\":239,\"caption\":\"Canova Prodotti Biologici\"},\"image\":{\"@id\":\"https:\\\/\\\/www.canovaprodottibiologici.it\\\/de\\\/#\\\/schema\\\/logo\\\/image\\\/\"}}]}<\/script>\n<!-- \/ Yoast SEO plugin. -->","yoast_head_json":{"title":"News - Canova Prodotti Biologici","robots":{"index":"index","follow":"follow","max-snippet":"max-snippet:-1","max-image-preview":"max-image-preview:large","max-video-preview":"max-video-preview:-1"},"canonical":"https:\/\/www.canovaprodottibiologici.it\/de\/news\/","og_locale":"de_DE","og_type":"article","og_title":"News - Canova Prodotti Biologici","og_description":"News","og_url":"https:\/\/www.canovaprodottibiologici.it\/de\/news\/","og_site_name":"Canova Prodotti Biologici","article_modified_time":"2022-10-24T10:55:56+00:00","twitter_card":"summary_large_image","twitter_misc":{"Gesch\u00e4tzte Lesezeit":"3\u00a0Minuten"},"schema":{"@context":"https:\/\/schema.org","@graph":[{"@type":"WebPage","@id":"https:\/\/www.canovaprodottibiologici.it\/de\/news\/","url":"https:\/\/www.canovaprodottibiologici.it\/de\/news\/","name":"News - Canova Prodotti Biologici","isPartOf":{"@id":"https:\/\/www.canovaprodottibiologici.it\/de\/#website"},"datePublished":"2022-05-11T14:51:34+00:00","dateModified":"2022-10-24T10:55:56+00:00","breadcrumb":{"@id":"https:\/\/www.canovaprodottibiologici.it\/de\/news\/#breadcrumb"},"inLanguage":"de","potentialAction":[{"@type":"ReadAction","target":["https:\/\/www.canovaprodottibiologici.it\/de\/news\/"]}]},{"@type":"BreadcrumbList","@id":"https:\/\/www.canovaprodottibiologici.it\/de\/news\/#breadcrumb","itemListElement":[{"@type":"ListItem","position":1,"name":"Home","item":"https:\/\/www.canovaprodottibiologici.it\/de\/"},{"@type":"ListItem","position":2,"name":"News"}]},{"@type":"WebSite","@id":"https:\/\/www.canovaprodottibiologici.it\/de\/#website","url":"https:\/\/www.canovaprodottibiologici.it\/de\/","name":"Canova Prodotti Biologici","description":"","publisher":{"@id":"https:\/\/www.canovaprodottibiologici.it\/de\/#organization"},"potentialAction":[{"@type":"SearchAction","target":{"@type":"EntryPoint","urlTemplate":"https:\/\/www.canovaprodottibiologici.it\/de\/?s={search_term_string}"},"query-input":{"@type":"PropertyValueSpecification","valueRequired":true,"valueName":"search_term_string"}}],"inLanguage":"de"},{"@type":"Organization","@id":"https:\/\/www.canovaprodottibiologici.it\/de\/#organization","name":"Canova Prodotti Biologici","url":"https:\/\/www.canovaprodottibiologici.it\/de\/","logo":{"@type":"ImageObject","inLanguage":"de","@id":"https:\/\/www.canovaprodottibiologici.it\/de\/#\/schema\/logo\/image\/","url":"http:\/\/canovaprodottibiologici.it\/wp-content\/uploads\/2022\/05\/logo_canova.png","contentUrl":"http:\/\/canovaprodottibiologici.it\/wp-content\/uploads\/2022\/05\/logo_canova.png","width":600,"height":239,"caption":"Canova Prodotti Biologici"},"image":{"@id":"https:\/\/www.canovaprodottibiologici.it\/de\/#\/schema\/logo\/image\/"}}]}},"_links":{"self":[{"href":"https:\/\/www.canovaprodottibiologici.it\/de\/wp-json\/wp\/v2\/pages\/4294","targetHints":{"allow":["GET"]}}],"collection":[{"href":"https:\/\/www.canovaprodottibiologici.it\/de\/wp-json\/wp\/v2\/pages"}],"about":[{"href":"https:\/\/www.canovaprodottibiologici.it\/de\/wp-json\/wp\/v2\/types\/page"}],"author":[{"embeddable":true,"href":"https:\/\/www.canovaprodottibiologici.it\/de\/wp-json\/wp\/v2\/users\/1"}],"replies":[{"embeddable":true,"href":"https:\/\/www.canovaprodottibiologici.it\/de\/wp-json\/wp\/v2\/comments?post=4294"}],"version-history":[{"count":4,"href":"https:\/\/www.canovaprodottibiologici.it\/de\/wp-json\/wp\/v2\/pages\/4294\/revisions"}],"predecessor-version":[{"id":4298,"href":"https:\/\/www.canovaprodottibiologici.it\/de\/wp-json\/wp\/v2\/pages\/4294\/revisions\/4298"}],"wp:attachment":[{"href":"https:\/\/www.canovaprodottibiologici.it\/de\/wp-json\/wp\/v2\/media?parent=4294"}],"curies":[{"name":"wp","href":"https:\/\/api.w.org\/{rel}","templated":true}]}}